{"id":9,"date":"2024-02-25T15:01:42","date_gmt":"2024-02-25T15:01:42","guid":{"rendered":"https:\/\/blog.xcode.rs\/?page_id=9"},"modified":"2024-12-01T19:12:48","modified_gmt":"2024-12-01T19:12:48","slug":"about","status":"publish","type":"page","link":"https:\/\/blog.xcode.rs\/sr\/about\/","title":{"rendered":"O nama"},"content":{"rendered":"<p>Ve\u0107 godinama se bavim razvojem iOS aplikacija i tokom tog vremena sakupio sam mno\u0161tvo korisnih saveta, trikova i iskustava. Moja ideja je da prvenstveno pomognem po\u010detnicima da lak\u0161e u\u0111u u svet iOS razvoja, kroz jasne i prakti\u010dne savete koji \u0107e im olak\u0161ati prve korake. <\/p>\n\n\n\n<p>Istovremeno, \u017eelim da pru\u017eim vredne informacije i resurse i iskusnijim programerima, koji \u017eele da usavr\u0161e svoje ve\u0161tine ili otkriju nove pristupe u razvoju aplikacija. <\/p>\n\n\n\n<p>Fokus mi je zapravo na svima koji ulaze u ovu oblast, bilo da su na po\u010detku ili ve\u0107 imaju iskustva.<\/p>\n\n\n\n<p>Dobrodo\u0161li na blog! Nadam se da \u0107ete prona\u0107i korisne savete, inspiraciju i podr\u0161ku. U\u017eivajte u sadr\u017eaju i slobodno podelite svoje utiske!<br><br><br><br><br><br><\/p>","protected":false},"excerpt":{"rendered":"<p>For several years, I\u2019ve been deeply involved in iOS app development, gathering valuable tips, tricks, and insights along the way. My idea is to primarily help beginners enter the world of iOS development by providing clear and practical advice to simplify their first steps. At the same time, I aim to offer valuable insights and&#8230;<\/p>","protected":false},"author":1,"featured_media":0,"parent":0,"menu_order":0,"comment_status":"closed","ping_status":"closed","template":"","meta":{"_kadence_starter_templates_imported_post":false,"_kad_post_transparent":"","_kad_post_title":"","_kad_post_layout":"","_kad_post_sidebar_id":"","_kad_post_content_style":"","_kad_post_vertical_padding":"","_kad_post_feature":"","_kad_post_feature_position":"","_kad_post_header":false,"_kad_post_footer":false,"_kad_post_classname":"","footnotes":""},"class_list":["post-9","page","type-page","status-publish","hentry"],"_links":{"self":[{"href":"https:\/\/blog.xcode.rs\/sr\/wp-json\/wp\/v2\/pages\/9","targetHints":{"allow":["GET"]}}],"collection":[{"href":"https:\/\/blog.xcode.rs\/sr\/wp-json\/wp\/v2\/pages"}],"about":[{"href":"https:\/\/blog.xcode.rs\/sr\/wp-json\/wp\/v2\/types\/page"}],"author":[{"embeddable":true,"href":"https:\/\/blog.xcode.rs\/sr\/wp-json\/wp\/v2\/users\/1"}],"replies":[{"embeddable":true,"href":"https:\/\/blog.xcode.rs\/sr\/wp-json\/wp\/v2\/comments?post=9"}],"version-history":[{"count":4,"href":"https:\/\/blog.xcode.rs\/sr\/wp-json\/wp\/v2\/pages\/9\/revisions"}],"predecessor-version":[{"id":133,"href":"https:\/\/blog.xcode.rs\/sr\/wp-json\/wp\/v2\/pages\/9\/revisions\/133"}],"wp:attachment":[{"href":"https:\/\/blog.xcode.rs\/sr\/wp-json\/wp\/v2\/media?parent=9"}],"curies":[{"name":"wp","href":"https:\/\/api.w.org\/{rel}","templated":true}]}}